{"id":396,"date":"2024-12-30T14:36:52","date_gmt":"2024-12-30T13:36:52","guid":{"rendered":"https:\/\/retroit.hu\/?post_type=product&#038;p=396"},"modified":"2025-11-24T17:36:44","modified_gmt":"2025-11-24T16:36:44","slug":"commodore-64-pla-long-board-mos-906114-01","status":"publish","type":"product","link":"https:\/\/retroit.hu\/en\/uzlet\/commodore-64-pla-long-board-mos-906114-01\/","title":{"rendered":"Commodore 64 PLA (long board) MOS 906114-01"},"content":{"rendered":"<p>Tesztelt, m\u0171k\u00f6d\u0151! A d\u00e1tum k\u00f3d elt\u00e9r\u0151 lehet, ezt k\u00e9rem figyelembe venni!<\/p>","protected":false},"excerpt":{"rendered":"<p>Tesztelt, m\u0171k\u00f6d\u0151! A d\u00e1tum k\u00f3d elt\u00e9r\u0151 lehet, ezt k\u00e9rem figyelembe venni!<\/p>","protected":false},"featured_media":397,"comment_status":"open","ping_status":"closed","template":"","meta":[],"product_cat":[39],"product_tag":[],"class_list":{"0":"post-396","1":"product","2":"type-product","3":"status-publish","4":"has-post-thumbnail","6":"product_cat-alkatreszek","7":"product_shipping_class-kicsi-konnyu","9":"first","10":"outofstock","11":"shipping-taxable","12":"purchasable","13":"product-type-simple"},"_links":{"self":[{"href":"https:\/\/retroit.hu\/en\/wp-json\/wp\/v2\/product\/396","targetHints":{"allow":["GET"]}}],"collection":[{"href":"https:\/\/retroit.hu\/en\/wp-json\/wp\/v2\/product"}],"about":[{"href":"https:\/\/retroit.hu\/en\/wp-json\/wp\/v2\/types\/product"}],"replies":[{"embeddable":true,"href":"https:\/\/retroit.hu\/en\/wp-json\/wp\/v2\/comments?post=396"}],"wp:featuredmedia":[{"embeddable":true,"href":"https:\/\/retroit.hu\/en\/wp-json\/wp\/v2\/media\/397"}],"wp:attachment":[{"href":"https:\/\/retroit.hu\/en\/wp-json\/wp\/v2\/media?parent=396"}],"wp:term":[{"taxonomy":"product_cat","embeddable":true,"href":"https:\/\/retroit.hu\/en\/wp-json\/wp\/v2\/product_cat?post=396"},{"taxonomy":"product_tag","embeddable":true,"href":"https:\/\/retroit.hu\/en\/wp-json\/wp\/v2\/product_tag?post=396"}],"curies":[{"name":"wp","href":"https:\/\/api.w.org\/{rel}","templated":true}]}}