{"id":667,"date":"2025-01-08T08:28:31","date_gmt":"2025-01-08T07:28:31","guid":{"rendered":"https:\/\/retroit.hu\/?post_type=product&#038;p=667"},"modified":"2025-07-04T18:54:35","modified_gmt":"2025-07-04T16:54:35","slug":"yamaha-opl-hangkartya","status":"publish","type":"product","link":"https:\/\/retroit.hu\/en\/uzlet\/yamaha-opl-hangkartya\/","title":{"rendered":"Yamaha OPL hangk\u00e1rtya"},"content":{"rendered":"<p>Sz\u00e9p, t\u00f6k\u00e9letesen m\u0171k\u00f6d\u0151.<\/p>","protected":false},"excerpt":{"rendered":"<p>Sz\u00e9p, t\u00f6k\u00e9letesen m\u0171k\u00f6d\u0151.<\/p>","protected":false},"featured_media":650,"comment_status":"open","ping_status":"closed","template":"","meta":[],"product_cat":[38],"product_tag":[78],"class_list":{"0":"post-667","1":"product","2":"type-product","3":"status-publish","4":"has-post-thumbnail","6":"product_cat-16bit-hangkartya","7":"product_tag-yamaha","8":"product_shipping_class-kicsi-konnyu","10":"first","11":"outofstock","12":"shipping-taxable","13":"purchasable","14":"product-type-simple"},"_links":{"self":[{"href":"https:\/\/retroit.hu\/en\/wp-json\/wp\/v2\/product\/667","targetHints":{"allow":["GET"]}}],"collection":[{"href":"https:\/\/retroit.hu\/en\/wp-json\/wp\/v2\/product"}],"about":[{"href":"https:\/\/retroit.hu\/en\/wp-json\/wp\/v2\/types\/product"}],"replies":[{"embeddable":true,"href":"https:\/\/retroit.hu\/en\/wp-json\/wp\/v2\/comments?post=667"}],"wp:featuredmedia":[{"embeddable":true,"href":"https:\/\/retroit.hu\/en\/wp-json\/wp\/v2\/media\/650"}],"wp:attachment":[{"href":"https:\/\/retroit.hu\/en\/wp-json\/wp\/v2\/media?parent=667"}],"wp:term":[{"taxonomy":"product_cat","embeddable":true,"href":"https:\/\/retroit.hu\/en\/wp-json\/wp\/v2\/product_cat?post=667"},{"taxonomy":"product_tag","embeddable":true,"href":"https:\/\/retroit.hu\/en\/wp-json\/wp\/v2\/product_tag?post=667"}],"curies":[{"name":"wp","href":"https:\/\/api.w.org\/{rel}","templated":true}]}}